{"id":2,"date":"2025-12-17T00:48:52","date_gmt":"2025-12-17T00:48:52","guid":{"rendered":"https:\/\/aprocib.com\/wordpress\/?page_id=2"},"modified":"2025-12-30T11:08:38","modified_gmt":"2025-12-30T10:08:38","slug":"home-page","status":"publish","type":"page","link":"https:\/\/aprocib.com\/web\/index.php\/home-page\/","title":{"rendered":"aprocib.com"},"content":{"rendered":"\n<p>L\u2019<strong>APROCIB<\/strong>\u00a0\u00ab\u00a0<strong>A<\/strong>ssociation de <strong>Pro<\/strong>tection des\u00a0<strong>Ci<\/strong>gognes\u00a0<strong>B<\/strong>lanches\u00a0\u00bb est une <strong>ONG<\/strong>\u00a0 (organisation non gouvernementale) cr\u00e9e le 17 janvier 2004 en aval du <strong>CECIB<\/strong> \u00ab\u00a0Club Ecolo Les Cigognes Blanches\u00a0\u00bb cr\u00e9e en janvier 2000 au Lyc\u00e9e Qods de Berkane par\u00a0<strong>Abderrahmane Chemlali<\/strong>, profeseur de SVT,\u00a0Apr\u00e8s un labeur sans r\u00e9pit; le CECIB a \u00e9t\u00e9 r\u00e9compens\u00e9 deux fois de suite lors du Prix de La Fondation Mohamed VI pour l\u2019Environnement en juin 2002, et lors du Prix Hassan II de l\u2019Environnement en octobre 2003.\u00a0Ainsi l\u2019<strong>APROCIB<\/strong> constitue une grande ouverture de l\u2019\u00e9cole marocaine, vers la soci\u00e9t\u00e9 civile, vu la souplesse que lui permet le l\u00e9gislateur marocain dans ses activit\u00e9s. Depuis l\u2019\u00e9ventail des actions de l\u2019<strong>APROCIB<\/strong> s\u2019est \u00e9tal\u00e9 et diversifi\u00e9 comme l\u2019atteste la pl\u00e9thore de ses activit\u00e9s: Recherche scientifique, \u00e9tude des quartiers d\u2019hivernage au Maroc de Max la cigogne balis\u00e9e, d\u00e9nombrement des nids de la cigogne blanche au Maroc Oriental, participation au levier de conscience \u00e9cologique sociale\u00a0 via la vulgarisation scientifique et technique.<strong><br><\/strong><\/p>\n\n\n\n<figure class=\"wp-block-image size-large is-resized\"><img loading=\"lazy\" decoding=\"async\" width=\"768\" height=\"1024\" src=\"https:\/\/aprocib.com\/web\/wp-content\/uploads\/2025\/12\/577060839_1378298304089684_5421903394302806850_n-768x1024.jpg\" alt=\"\" class=\"wp-image-17\" style=\"width:502px;height:auto\" srcset=\"https:\/\/aprocib.com\/web\/wp-content\/uploads\/2025\/12\/577060839_1378298304089684_5421903394302806850_n-768x1024.jpg 768w, https:\/\/aprocib.com\/web\/wp-content\/uploads\/2025\/12\/577060839_1378298304089684_5421903394302806850_n-225x300.jpg 225w, https:\/\/aprocib.com\/web\/wp-content\/uploads\/2025\/12\/577060839_1378298304089684_5421903394302806850_n-100x133.jpg 100w, https:\/\/aprocib.com\/web\/wp-content\/uploads\/2025\/12\/577060839_1378298304089684_5421903394302806850_n.jpg 960w\" sizes=\"auto, (max-width: 768px) 100vw, 768px\" \/><\/figure>\n\n\n\n<p><\/p>\n","protected":false},"excerpt":{"rendered":"<p>L\u2019APROCIB\u00a0\u00ab\u00a0Association de Protection des\u00a0Cigognes\u00a0Blanches\u00a0\u00bb est une ONG\u00a0 (organisation non gouvernementale) cr\u00e9e le 17 janvier 2004 en aval du CECIB \u00ab\u00a0Club Ecolo Les Cigognes Blanches\u00a0\u00bb cr\u00e9e en janvier 2000 au Lyc\u00e9e Qods de Berkane par\u00a0Abderrahmane Chemlali, profeseur de SVT,\u00a0Apr\u00e8s un labeur<\/p>\n<div class=\"entry-read-more\"><a class=\"read-more-link\" href=\"https:\/\/aprocib.com\/web\/index.php\/home-page\/\">Read More<span class=\"cleanwp-sr-only\">  aprocib.com<\/span><\/a><\/div>\n","protected":false},"author":1,"featured_media":15,"parent":0,"menu_order":0,"comment_status":"closed","ping_status":"open","template":"","meta":{"give_campaign_id":0,"footnotes":""},"class_list":["post-2","page","type-page","status-publish","has-post-thumbnail","hentry"],"campaignId":"","_links":{"self":[{"href":"https:\/\/aprocib.com\/web\/index.php\/wp-json\/wp\/v2\/pages\/2","targetHints":{"allow":["GET"]}}],"collection":[{"href":"https:\/\/aprocib.com\/web\/index.php\/wp-json\/wp\/v2\/pages"}],"about":[{"href":"https:\/\/aprocib.com\/web\/index.php\/wp-json\/wp\/v2\/types\/page"}],"author":[{"embeddable":true,"href":"https:\/\/aprocib.com\/web\/index.php\/wp-json\/wp\/v2\/users\/1"}],"replies":[{"embeddable":true,"href":"https:\/\/aprocib.com\/web\/index.php\/wp-json\/wp\/v2\/comments?post=2"}],"version-history":[{"count":4,"href":"https:\/\/aprocib.com\/web\/index.php\/wp-json\/wp\/v2\/pages\/2\/revisions"}],"predecessor-version":[{"id":92,"href":"https:\/\/aprocib.com\/web\/index.php\/wp-json\/wp\/v2\/pages\/2\/revisions\/92"}],"wp:featuredmedia":[{"embeddable":true,"href":"https:\/\/aprocib.com\/web\/index.php\/wp-json\/wp\/v2\/media\/15"}],"wp:attachment":[{"href":"https:\/\/aprocib.com\/web\/index.php\/wp-json\/wp\/v2\/media?parent=2"}],"curies":[{"name":"wp","href":"https:\/\/api.w.org\/{rel}","templated":true}]}}