{"id":3,"date":"2025-12-17T00:48:52","date_gmt":"2025-12-17T00:48:52","guid":{"rendered":"https:\/\/aprocib.com\/wordpress\/?page_id=3"},"modified":"2025-12-17T13:04:34","modified_gmt":"2025-12-17T12:04:34","slug":"privacy-policy","status":"publish","type":"page","link":"https:\/\/aprocib.com\/web\/index.php\/privacy-policy\/","title":{"rendered":"Politique de confidentialit\u00e9"},"content":{"rendered":"\n<pre id=\"tw-target-text\" class=\"wp-block-preformatted\"><\/pre>\n\n\n\n<pre id=\"tw-target-rmn\" class=\"wp-block-preformatted\"><\/pre>\n\n\n\n<pre id=\"tw-target-text\" class=\"wp-block-preformatted\">Qui sommes-nous ?<br> Notre site web est accessible \u00e0 l\u2019adresse suivante&nbsp;: https:\/\/aprocib.com\/web<br><br>Commentaires<br><br> Lorsque vous laissez un commentaire sur notre site, nous collectons les donn\u00e9es indiqu\u00e9es dans le formulaire de commentaires, ainsi que votre adresse IP et votre navigateur (agent utilisateur) afin de lutter contre le spam.<br><br>Une cha\u00eene anonymis\u00e9e (ou hachage) cr\u00e9\u00e9e \u00e0 partir de votre adresse e-mail peut \u00eatre transmise au service Gravatar pour v\u00e9rifier si vous l\u2019utilisez. La politique de confidentialit\u00e9 de Gravatar est disponible ici&nbsp;: https:\/\/automattic.com\/privacy\/. Apr\u00e8s validation de votre commentaire, votre photo de profil sera visible publiquement.<\/pre>\n\n\n\n<p><\/p>\n\n\n\n<pre id=\"tw-target-text\" class=\"wp-block-preformatted\">M\u00e9dias<br> Si vous t\u00e9l\u00e9chargez des images sur le site web, veuillez \u00e9viter d\u2019inclure des donn\u00e9es de g\u00e9olocalisation (EXIF GPS). Les visiteurs du site peuvent t\u00e9l\u00e9charger et extraire ces donn\u00e9es.<br><br>Cookies<br><br> Si vous laissez un commentaire sur notre site, vous pouvez choisir d\u2019enregistrer votre nom, votre adresse courriel et votre site web dans des cookies. Cela vous \u00e9vitera de saisir \u00e0 nouveau ces informations lors de votre prochain commentaire. Ces cookies sont conserv\u00e9s pendant un an.<br><br>Si vous consultez notre page de connexion, un cookie temporaire sera cr\u00e9\u00e9 pour v\u00e9rifier si votre navigateur accepte les cookies. Ce cookie ne contient aucune donn\u00e9e personnelle et est supprim\u00e9 \u00e0 la fermeture de votre navigateur.<br><br>Lorsque vous vous connectez, plusieurs cookies sont \u00e9galement cr\u00e9\u00e9s pour enregistrer vos informations de connexion et vos pr\u00e9f\u00e9rences d\u2019affichage. Les cookies de connexion sont conserv\u00e9s pendant deux jours et les cookies d\u2019options d\u2019affichage pendant un an. Si vous cochez la case \u00ab\u00a0Se souvenir de moi\u00a0\u00bb, votre connexion sera maintenue pendant deux semaines. Si vous vous d\u00e9connectez, les cookies de connexion seront supprim\u00e9s.<br><br>Si vous modifiez ou publiez un article, un cookie suppl\u00e9mentaire sera enregistr\u00e9 dans votre navigateur. Ce cookie ne contient aucune donn\u00e9e personnelle et indique simplement l'identifiant de l'article que vous venez de modifier. Il expire apr\u00e8s un jour.<\/pre>\n\n\n\n<p><\/p>\n\n\n\n<pre id=\"tw-target-text\" class=\"wp-block-preformatted\">Contenu int\u00e9gr\u00e9 provenant d'autres sites web\n\nTexte sugg\u00e9r\u00e9&nbsp;: Les articles de ce site peuvent inclure du contenu int\u00e9gr\u00e9 (par exemple, des vid\u00e9os, des images, des articles, etc.). Le contenu int\u00e9gr\u00e9 provenant d'autres sites web se comporte exactement de la m\u00eame mani\u00e8re que si le visiteur avait consult\u00e9 directement ces sites.\n\nCes sites web peuvent collecter des donn\u00e9es vous concernant, utiliser des cookies, int\u00e9grer des outils de suivi tiers suppl\u00e9mentaires et surveiller votre interaction avec ce contenu int\u00e9gr\u00e9, y compris si vous poss\u00e9dez un compte et \u00eates connect\u00e9 \u00e0 ce site.\n\nAvec qui partageons-nous vos donn\u00e9es&nbsp;?\n\nTexte sugg\u00e9r\u00e9&nbsp;: Si vous demandez une r\u00e9initialisation de mot de passe, votre adresse IP sera incluse dans l'e-mail de r\u00e9initialisation.\n\nCombien de temps conservons-nous vos donn\u00e9es&nbsp;?\n\nTexte sugg\u00e9r\u00e9&nbsp;: Si vous laissez un commentaire, celui-ci et ses m\u00e9tadonn\u00e9es sont conserv\u00e9s ind\u00e9finiment. Cela nous permet de reconna\u00eetre et d'approuver automatiquement les commentaires suivants, sans avoir \u00e0 les mod\u00e9rer.\n\nPour les utilisateurs qui s'inscrivent sur notre site web (le cas \u00e9ch\u00e9ant), nous conservons \u00e9galement les informations personnelles qu'ils fournissent dans leur profil. Tous les utilisateurs peuvent consulter, modifier ou supprimer leurs informations personnelles \u00e0 tout moment (\u00e0 l'exception de leur nom d'utilisateur). Les administrateurs du site web peuvent \u00e9galement consulter et modifier ces informations.<\/pre>\n\n\n\n<pre id=\"tw-target-text\" class=\"wp-block-preformatted\">Vos droits concernant vos donn\u00e9es\n\nSi vous poss\u00e9dez un compte sur ce site ou si vous avez laiss\u00e9 des commentaires, vous pouvez demander \u00e0 recevoir un fichier export\u00e9 contenant les donn\u00e9es personnelles que nous d\u00e9tenons vous concernant, y compris les donn\u00e9es que vous nous avez fournies. Vous pouvez \u00e9galement demander la suppression de toutes les donn\u00e9es personnelles que nous d\u00e9tenons vous concernant. Cette suppression ne concerne pas les donn\u00e9es que nous sommes tenus de conserver \u00e0 des fins administratives, l\u00e9gales ou de s\u00e9curit\u00e9.\n\nO\u00f9 vos donn\u00e9es sont-elles envoy\u00e9es ?\n\nLes commentaires des visiteurs peuvent \u00eatre v\u00e9rifi\u00e9s par un service automatis\u00e9 de d\u00e9tection de spam.<\/pre>\n\n\n\n<p><\/p>\n","protected":false},"excerpt":{"rendered":"<p>Qui sommes-nous ? Notre site web est accessible \u00e0 l\u2019adresse suivante&nbsp;: https:\/\/aprocib.com\/webCommentaires Lorsque vous laissez un commentaire sur notre site, nous collectons les donn\u00e9es indiqu\u00e9es dans le formulaire de commentaires, ainsi que votre adresse IP et votre navigateur (agent utilisateur)<\/p>\n<div class=\"entry-read-more\"><a class=\"read-more-link\" href=\"https:\/\/aprocib.com\/web\/index.php\/privacy-policy\/\">Read More<span class=\"cleanwp-sr-only\">  Politique de confidentialit\u00e9<\/span><\/a><\/div>\n","protected":false},"author":1,"featured_media":0,"parent":0,"menu_order":0,"comment_status":"closed","ping_status":"open","template":"","meta":{"give_campaign_id":0,"footnotes":""},"class_list":["post-3","page","type-page","status-publish","hentry"],"campaignId":"","_links":{"self":[{"href":"https:\/\/aprocib.com\/web\/index.php\/wp-json\/wp\/v2\/pages\/3","targetHints":{"allow":["GET"]}}],"collection":[{"href":"https:\/\/aprocib.com\/web\/index.php\/wp-json\/wp\/v2\/pages"}],"about":[{"href":"https:\/\/aprocib.com\/web\/index.php\/wp-json\/wp\/v2\/types\/page"}],"author":[{"embeddable":true,"href":"https:\/\/aprocib.com\/web\/index.php\/wp-json\/wp\/v2\/users\/1"}],"replies":[{"embeddable":true,"href":"https:\/\/aprocib.com\/web\/index.php\/wp-json\/wp\/v2\/comments?post=3"}],"version-history":[{"count":4,"href":"https:\/\/aprocib.com\/web\/index.php\/wp-json\/wp\/v2\/pages\/3\/revisions"}],"predecessor-version":[{"id":30,"href":"https:\/\/aprocib.com\/web\/index.php\/wp-json\/wp\/v2\/pages\/3\/revisions\/30"}],"wp:attachment":[{"href":"https:\/\/aprocib.com\/web\/index.php\/wp-json\/wp\/v2\/media?parent=3"}],"curies":[{"name":"wp","href":"https:\/\/api.w.org\/{rel}","templated":true}]}}