{"id":74,"date":"2025-12-26T21:45:46","date_gmt":"2025-12-26T20:45:46","guid":{"rendered":"https:\/\/aprocib.com\/web\/?page_id=74"},"modified":"2025-12-30T09:46:09","modified_gmt":"2025-12-30T08:46:09","slug":"home","status":"publish","type":"page","link":"https:\/\/aprocib.com\/web\/","title":{"rendered":"Acceuil"},"content":{"rendered":"\n<p><\/p>\n\n\n\n<p><\/p>\n\n\n\n<div class=\"wp-block-query is-layout-flow wp-block-query-is-layout-flow\"><ul class=\"wp-block-post-template is-layout-flow wp-block-post-template-is-layout-flow\"><li class=\"wp-block-post post-100 post type-post status-publish format-standard has-post-thumbnail hentry category-actualites category-documentations wpcat-3-id wpcat-2-id\">\n<h2 class=\"wp-block-post-title\"><a href=\"https:\/\/aprocib.com\/web\/index.php\/2025\/12\/30\/suivi-satellitaire-des-cigognes-blanches\/\" target=\"_self\" >Suivi satellitaire des Cigognes Blanches<\/a><\/h2>\n\n<figure class=\"alignwide wp-block-post-featured-image\"><a href=\"https:\/\/aprocib.com\/web\/index.php\/2025\/12\/30\/suivi-satellitaire-des-cigognes-blanches\/\" target=\"_self\"  ><img loading=\"lazy\" decoding=\"async\" width=\"244\" height=\"163\" src=\"https:\/\/aprocib.com\/web\/wp-content\/uploads\/2025\/12\/max.png\" class=\"attachment-post-thumbnail size-post-thumbnail wp-post-image\" alt=\"Suivi satellitaire des Cigognes Blanches\" style=\"object-fit:cover;\" srcset=\"https:\/\/aprocib.com\/web\/wp-content\/uploads\/2025\/12\/max.png 244w, https:\/\/aprocib.com\/web\/wp-content\/uploads\/2025\/12\/max-100x67.png 100w, https:\/\/aprocib.com\/web\/wp-content\/uploads\/2025\/12\/max-240x160.png 240w\" sizes=\"auto, (max-width: 244px) 100vw, 244px\" \/><\/a><\/figure>\n\n<div class=\"wp-block-post-excerpt\"><p class=\"wp-block-post-excerpt__excerpt\">L\u2019histoire de Max La Cigogne blanche \u00ab&nbsp;Max&nbsp;\u00bb est n\u00e9e autour du 20 mai 1999. Elle a \u00e9t\u00e9 bagu\u00e9e (N\u00b06215) et munie d\u2019une balise Argos le 5 juillet 1999 et peut, depuis lors, \u00eatre suivie par des satellites. Au nid, ilRead More Suivi satellitaire des Cigognes Blanches <\/p><\/div>\n\n\n<hr class=\"wp-block-separator has-css-opacity\"\/>\n\n\n<div class=\"wp-block-post-date\"><time datetime=\"2025-12-30T12:15:44+01:00\">d\u00e9cembre 30, 2025<\/time><\/div>\n<\/li><li class=\"wp-block-post post-54 post type-post status-publish format-standard has-post-thumbnail hentry category-documentations wpcat-2-id\">\n<h2 class=\"wp-block-post-title\"><a href=\"https:\/\/aprocib.com\/web\/index.php\/2025\/12\/18\/54\/\" target=\"_self\" >La cigogne blanche : description et comportement<\/a><\/h2>\n\n<figure class=\"alignwide wp-block-post-featured-image\"><a href=\"https:\/\/aprocib.com\/web\/index.php\/2025\/12\/18\/54\/\" target=\"_self\"  ><img loading=\"lazy\" decoding=\"async\" width=\"640\" height=\"185\" src=\"https:\/\/aprocib.com\/web\/wp-content\/uploads\/2025\/12\/cigogne-entete.png\" class=\"attachment-post-thumbnail size-post-thumbnail wp-post-image\" alt=\"La cigogne blanche : description et comportement\" style=\"object-fit:cover;\" srcset=\"https:\/\/aprocib.com\/web\/wp-content\/uploads\/2025\/12\/cigogne-entete.png 640w, https:\/\/aprocib.com\/web\/wp-content\/uploads\/2025\/12\/cigogne-entete-300x87.png 300w, https:\/\/aprocib.com\/web\/wp-content\/uploads\/2025\/12\/cigogne-entete-100x29.png 100w\" sizes=\"auto, (max-width: 640px) 100vw, 640px\" \/><\/a><\/figure>\n\n<div class=\"wp-block-post-excerpt\"><p class=\"wp-block-post-excerpt__excerpt\">DESCRIPTION GENERALE DE LA CIGOGNE BLANCHE La&nbsp;cigogne blanche&nbsp;est une esp\u00e8ce d\u2019oiseau&nbsp;appartenant \u00e0 l\u2019ordre des ciconiiformes (\u00e9chassiers) et \u00e0 la famille des ciconiid\u00e9s. Oiseau migrateur, elle niche pendant la p\u00e9riode estivale en Europe de l\u2019Est et du Sud (p\u00e9ninsule ib\u00e9rique), enRead More La cigogne blanche : description et comportement <\/p><\/div>\n\n\n<hr class=\"wp-block-separator has-css-opacity\"\/>\n\n\n<div class=\"wp-block-post-date\"><time datetime=\"2025-12-18T14:03:33+01:00\">d\u00e9cembre 18, 2025<\/time><\/div>\n<\/li><li class=\"wp-block-post post-12 post type-post status-publish format-standard has-post-thumbnail hentry category-activities wpcat-4-id\">\n<h2 class=\"wp-block-post-title\"><a href=\"https:\/\/aprocib.com\/web\/index.php\/2025\/12\/17\/%d8%b2%d9%8a%d8%a7%d8%b1%d8%a9-%d8%b7%d9%84%d8%a8%d8%a9-%d8%a7%d9%84%d9%86%d8%a7%d8%af%d9%8a-%d8%a7%d9%84%d8%ac%d8%a7%d9%85%d8%b9%d9%8a\/\" target=\"_self\" >Visite des \u00e9tudiants du club universitaire GUBS<\/a><\/h2>\n\n<figure class=\"alignwide wp-block-post-featured-image\"><a href=\"https:\/\/aprocib.com\/web\/index.php\/2025\/12\/17\/%d8%b2%d9%8a%d8%a7%d8%b1%d8%a9-%d8%b7%d9%84%d8%a8%d8%a9-%d8%a7%d9%84%d9%86%d8%a7%d8%af%d9%8a-%d8%a7%d9%84%d8%ac%d8%a7%d9%85%d8%b9%d9%8a\/\" target=\"_self\"  ><img loading=\"lazy\" decoding=\"async\" width=\"1280\" height=\"853\" src=\"https:\/\/aprocib.com\/web\/wp-content\/uploads\/2025\/12\/598882740_1378297844089730_76314803921330022_n.jpg\" class=\"attachment-post-thumbnail size-post-thumbnail wp-post-image\" alt=\"Visite des \u00e9tudiants du club universitaire GUBS\" style=\"object-fit:cover;\" srcset=\"https:\/\/aprocib.com\/web\/wp-content\/uploads\/2025\/12\/598882740_1378297844089730_76314803921330022_n.jpg 1280w, https:\/\/aprocib.com\/web\/wp-content\/uploads\/2025\/12\/598882740_1378297844089730_76314803921330022_n-300x200.jpg 300w, https:\/\/aprocib.com\/web\/wp-content\/uploads\/2025\/12\/598882740_1378297844089730_76314803921330022_n-1024x682.jpg 1024w, https:\/\/aprocib.com\/web\/wp-content\/uploads\/2025\/12\/598882740_1378297844089730_76314803921330022_n-768x512.jpg 768w, https:\/\/aprocib.com\/web\/wp-content\/uploads\/2025\/12\/598882740_1378297844089730_76314803921330022_n-100x67.jpg 100w\" sizes=\"auto, (max-width: 1280px) 100vw, 1280px\" \/><\/a><\/figure>\n\n<div class=\"wp-block-post-excerpt\"><p class=\"wp-block-post-excerpt__excerpt\">\u0632\u064a\u0627\u0631\u0629 \u0637\u0644\u0628\u0629 \u0627\u0644\u0646\u0627\u062f\u064a \u0627\u0644\u062c\u0627\u0645\u0639\u064a \u0625\u0644\u0649 \u0627\u0644\u0645\u062a\u062d\u0641 \u0627\u0644\u0625\u0643\u0648\u0644\u0648\u062c\u064a \u0644\u062c\u0645\u0639\u064a\u0629 APROCIB \u0628\u0628\u0631\u0643\u0627\u0646. \u0634\u0643\u0631\u0627 \u0644\u0644\u0623\u0633\u062a\u0627\u0630 \u0634\u0645\u0644\u0627\u0644\u064a \u0639\u0628\u062f \u0627\u0644\u0631\u062d\u0645\u0627\u0646 \u0639\u0644\u0649 \u062d\u0633\u0646 \u0627\u0644\u0636\u064a\u0627\u0641\u0629 \u0648 \u0627\u0644\u0645\u0639\u0644\u0648\u0645\u0627\u062a \u0627\u0644\u0642\u064a\u0645\u0629 \u0627\u0644\u064a \u0642\u062f\u0645\u0647\u0627 \u0644\u0644\u0637\u0644\u0628\u0629. \u062a\u0646\u062f\u0631\u062c \u0647\u0627\u062a\u0647 \u0627\u0644\u0632\u064a\u0627\u0631\u0629 \u0641\u064a \u0625\u0637\u0627\u0631 \u0625\u0646\u0641\u062a\u0627\u062d \u0627\u0644\u0637\u0644\u0628\u0629 \u0639\u0644\u0649 \u0627\u0644\u0645\u062d\u064a\u0637 \u0627\u0644\u062e\u0627\u0631\u062c\u064a \u0644\u0644\u062c\u0627\u0645\u0639\u0629. Visite des \u00e9tudiants du clubRead More Visite des \u00e9tudiants du club universitaire GUBS <\/p><\/div>\n\n\n<hr class=\"wp-block-separator has-css-opacity\"\/>\n\n\n<div class=\"wp-block-post-date\"><time datetime=\"2025-12-17T12:44:15+01:00\">d\u00e9cembre 17, 2025<\/time><\/div>\n<\/li><li class=\"wp-block-post post-6 post type-post status-publish format-standard has-post-thumbnail hentry category-documentations wpcat-2-id\">\n<h2 class=\"wp-block-post-title\"><a href=\"https:\/\/aprocib.com\/web\/index.php\/2025\/12\/17\/a-propos-de-lassociation\/\" target=\"_self\" >\u00c0 propos de l&rsquo;association<\/a><\/h2>\n\n<figure class=\"alignwide wp-block-post-featured-image\"><a href=\"https:\/\/aprocib.com\/web\/index.php\/2025\/12\/17\/a-propos-de-lassociation\/\" target=\"_self\"  ><img loading=\"lazy\" decoding=\"async\" width=\"960\" height=\"1280\" src=\"https:\/\/aprocib.com\/web\/wp-content\/uploads\/2025\/12\/577060839_1378298304089684_5421903394302806850_n.jpg\" class=\"attachment-post-thumbnail size-post-thumbnail wp-post-image\" alt=\"\u00c0 propos de l&rsquo;association\" style=\"object-fit:cover;\" srcset=\"https:\/\/aprocib.com\/web\/wp-content\/uploads\/2025\/12\/577060839_1378298304089684_5421903394302806850_n.jpg 960w, https:\/\/aprocib.com\/web\/wp-content\/uploads\/2025\/12\/577060839_1378298304089684_5421903394302806850_n-225x300.jpg 225w, https:\/\/aprocib.com\/web\/wp-content\/uploads\/2025\/12\/577060839_1378298304089684_5421903394302806850_n-768x1024.jpg 768w, https:\/\/aprocib.com\/web\/wp-content\/uploads\/2025\/12\/577060839_1378298304089684_5421903394302806850_n-100x133.jpg 100w\" sizes=\"auto, (max-width: 960px) 100vw, 960px\" \/><\/a><\/figure>\n\n<div class=\"wp-block-post-excerpt\"><p class=\"wp-block-post-excerpt__excerpt\">L\u2019APROCIB \u201cAmbassadeur des Cigognes Afrique\u201d L\u2019APROCIB (Association de Protection des Cigognes Blanches) est une organisation \u00e0 but non lucratif bas\u00e9e \u00e0 Berkane, au Maroc, d\u00e9di\u00e9e \u00e0 la protection des cigognes blanches et \u00e0 la pr\u00e9servation de leur habitat naturel. L\u2019associationRead More \u00c0 propos de l&rsquo;association <\/p><\/div>\n\n\n<hr class=\"wp-block-separator has-css-opacity\"\/>\n\n\n<div class=\"wp-block-post-date\"><time datetime=\"2025-12-17T10:54:37+01:00\">d\u00e9cembre 17, 2025<\/time><\/div>\n<\/li><\/ul><\/div>\n","protected":false},"excerpt":{"rendered":"","protected":false},"author":1,"featured_media":0,"parent":0,"menu_order":0,"comment_status":"closed","ping_status":"closed","template":"","meta":{"give_campaign_id":0,"footnotes":""},"class_list":["post-74","page","type-page","status-publish","hentry"],"campaignId":"","_links":{"self":[{"href":"https:\/\/aprocib.com\/web\/index.php\/wp-json\/wp\/v2\/pages\/74","targetHints":{"allow":["GET"]}}],"collection":[{"href":"https:\/\/aprocib.com\/web\/index.php\/wp-json\/wp\/v2\/pages"}],"about":[{"href":"https:\/\/aprocib.com\/web\/index.php\/wp-json\/wp\/v2\/types\/page"}],"author":[{"embeddable":true,"href":"https:\/\/aprocib.com\/web\/index.php\/wp-json\/wp\/v2\/users\/1"}],"replies":[{"embeddable":true,"href":"https:\/\/aprocib.com\/web\/index.php\/wp-json\/wp\/v2\/comments?post=74"}],"version-history":[{"count":5,"href":"https:\/\/aprocib.com\/web\/index.php\/wp-json\/wp\/v2\/pages\/74\/revisions"}],"predecessor-version":[{"id":91,"href":"https:\/\/aprocib.com\/web\/index.php\/wp-json\/wp\/v2\/pages\/74\/revisions\/91"}],"wp:attachment":[{"href":"https:\/\/aprocib.com\/web\/index.php\/wp-json\/wp\/v2\/media?parent=74"}],"curies":[{"name":"wp","href":"https:\/\/api.w.org\/{rel}","templated":true}]}}