{"id":93,"date":"2025-12-30T11:13:47","date_gmt":"2025-12-30T10:13:47","guid":{"rendered":"https:\/\/aprocib.com\/web\/?page_id=93"},"modified":"2025-12-30T12:09:33","modified_gmt":"2025-12-30T11:09:33","slug":"contact","status":"publish","type":"page","link":"https:\/\/aprocib.com\/web\/index.php\/contact\/","title":{"rendered":"Contact"},"content":{"rendered":"\n<div class=\"wp-block-group is-nowrap is-layout-flex wp-container-core-group-is-layout-ad2f72ca wp-block-group-is-layout-flex\"><div class=\"wp-block-image\">\n<figure class=\"aligncenter size-full is-resized\"><img loading=\"lazy\" decoding=\"async\" width=\"800\" height=\"600\" src=\"https:\/\/aprocib.com\/web\/wp-content\/uploads\/2025\/12\/emailgif.gif\" alt=\"\" class=\"wp-image-97\" style=\"width:269px;height:auto\"\/><\/figure>\n<\/div>\n\n\n<p>Adresse: 48, Rue Oued Al Makhazine Hay La\u00e2youne, 63310<br>GSM : 00 212 (0) 6 66 61 47 74<br>T\u00e9l\u00e9phone : 00 212 (0) 5 36 61 47 74<br>Adresse \u00e9lectronique: ciconiaberkane@yahoo.fr<br>Site web: http:\/\/www.aprocib.com<\/p>\n<\/div>\n\n\n\n<p><\/p>\n","protected":false},"excerpt":{"rendered":"<p>Adresse: 48, Rue Oued Al Makhazine Hay La\u00e2youne, 63310GSM : 00 212 (0) 6 66 61 47 74T\u00e9l\u00e9phone : 00 212 (0) 5 36 61 47 74Adresse \u00e9lectronique: ciconiaberkane@yahoo.frSite web: http:\/\/www.aprocib.com<\/p>\n","protected":false},"author":1,"featured_media":97,"parent":0,"menu_order":0,"comment_status":"closed","ping_status":"closed","template":"","meta":{"give_campaign_id":0,"footnotes":""},"class_list":["post-93","page","type-page","status-publish","has-post-thumbnail","hentry"],"campaignId":"","_links":{"self":[{"href":"https:\/\/aprocib.com\/web\/index.php\/wp-json\/wp\/v2\/pages\/93","targetHints":{"allow":["GET"]}}],"collection":[{"href":"https:\/\/aprocib.com\/web\/index.php\/wp-json\/wp\/v2\/pages"}],"about":[{"href":"https:\/\/aprocib.com\/web\/index.php\/wp-json\/wp\/v2\/types\/page"}],"author":[{"embeddable":true,"href":"https:\/\/aprocib.com\/web\/index.php\/wp-json\/wp\/v2\/users\/1"}],"replies":[{"embeddable":true,"href":"https:\/\/aprocib.com\/web\/index.php\/wp-json\/wp\/v2\/comments?post=93"}],"version-history":[{"count":3,"href":"https:\/\/aprocib.com\/web\/index.php\/wp-json\/wp\/v2\/pages\/93\/revisions"}],"predecessor-version":[{"id":98,"href":"https:\/\/aprocib.com\/web\/index.php\/wp-json\/wp\/v2\/pages\/93\/revisions\/98"}],"wp:featuredmedia":[{"embeddable":true,"href":"https:\/\/aprocib.com\/web\/index.php\/wp-json\/wp\/v2\/media\/97"}],"wp:attachment":[{"href":"https:\/\/aprocib.com\/web\/index.php\/wp-json\/wp\/v2\/media?parent=93"}],"curies":[{"name":"wp","href":"https:\/\/api.w.org\/{rel}","templated":true}]}}